{"id":26,"date":"2015-04-25T17:46:36","date_gmt":"2015-04-25T17:46:36","guid":{"rendered":"http:\/\/www.quetalestas.es\/veranoydanza\/?page_id=26"},"modified":"2026-04-12T11:08:02","modified_gmt":"2026-04-12T11:08:02","slug":"formulario-de-inscripcion","status":"publish","type":"page","link":"https:\/\/www.quetalestas.es\/veranoydanza\/formulario-de-inscripcion\/","title":{"rendered":"Formulario de Inscripci\u00f3n"},"content":{"rendered":"<p>El periodo de inscripci\u00f3n se abre el d\u00eda <strong>13 de abril<\/strong> y finaliza el <strong>15 de junio de 2026 o hasta la finalizaci\u00f3n de las plazas disponibles<\/strong>.<\/p>\n<p>Antes de cumplimentar el formulario de inscripci\u00f3n consultar la secci\u00f3n <a href=\"http:\/\/www.quetalestas.es\/veranoydanza\/informacion-e-inscripcion\/\" target=\"_blank\" rel=\"noopener\"><strong>INFORMACI\u00d3N E INSCRIPCI\u00d3N<\/strong><\/a>, de esta p\u00e1gina web.<\/p>\n<h3 style=\"text-align: center;\">DATOS A CUMPLIMENTAR<\/h3>\n\n<div class=\"wpcf7 no-js\" id=\"wpcf7-f25-o1\" lang=\"es-ES\" dir=\"ltr\" data-wpcf7-id=\"25\">\n<div class=\"screen-reader-response\"><p role=\"status\" aria-live=\"polite\" aria-atomic=\"true\"><\/p> <ul><\/ul><\/div>\n<form action=\"\/veranoydanza\/wp-json\/wp\/v2\/pages\/26#wpcf7-f25-o1\" method=\"post\" class=\"wpcf7-form init\" aria-label=\"Formulario de contacto\" novalidate=\"novalidate\" data-status=\"init\">\n<fieldset class=\"hidden-fields-container\"><input type=\"hidden\" name=\"_wpcf7\" value=\"25\" \/><input type=\"hidden\" name=\"_wpcf7_version\" value=\"6.1.5\" \/><input type=\"hidden\" name=\"_wpcf7_locale\" value=\"es_ES\" \/><input type=\"hidden\" name=\"_wpcf7_unit_tag\" value=\"wpcf7-f25-o1\" \/><input type=\"hidden\" name=\"_wpcf7_container_post\" value=\"0\" \/><input type=\"hidden\" name=\"_wpcf7_posted_data_hash\" value=\"\" \/>\n<\/fieldset>\n<p><strong>Datos del Padre, Madre o Tutor Legal:<\/strong>\n<\/p>\n<p>Su nombre y apellidos\n<\/p>\n<p><span class=\"wpcf7-form-control-wrap\" data-name=\"your-name\"><input size=\"40\" maxlength=\"400\" class=\"wpcf7-form-control wpcf7-text wpcf7-validates-as-required\" aria-required=\"true\" aria-invalid=\"false\" value=\"\" type=\"text\" name=\"your-name\" \/><\/span>\n<\/p>\n<p>DNI \/ NIE\n<\/p>\n<p><span class=\"wpcf7-form-control-wrap\" data-name=\"text-915\"><input size=\"40\" maxlength=\"400\" class=\"wpcf7-form-control wpcf7-text wpcf7-validates-as-required\" aria-required=\"true\" aria-invalid=\"false\" value=\"\" type=\"text\" name=\"text-915\" \/><\/span>\n<\/p>\n<p>Su e-mail\n<\/p>\n<p><span class=\"wpcf7-form-control-wrap\" data-name=\"your-email\"><input size=\"40\" maxlength=\"400\" class=\"wpcf7-form-control wpcf7-email wpcf7-validates-as-required wpcf7-text wpcf7-validates-as-email\" aria-required=\"true\" aria-invalid=\"false\" value=\"\" type=\"email\" name=\"your-email\" \/><\/span>\n<\/p>\n<p>Tel\u00e9fono de contacto\n<\/p>\n<p><span class=\"wpcf7-form-control-wrap\" data-name=\"tel-923\"><input size=\"40\" maxlength=\"400\" class=\"wpcf7-form-control wpcf7-tel wpcf7-validates-as-required wpcf7-text wpcf7-validates-as-tel\" aria-required=\"true\" aria-invalid=\"false\" value=\"\" type=\"tel\" name=\"tel-923\" \/><\/span>\n<\/p>\n<p><strong>Datos del Alumno\/a:<\/strong>\n<\/p>\n<p>Nombre y apellidos del alumno\n<\/p>\n<p><span class=\"wpcf7-form-control-wrap\" data-name=\"text-801\"><input size=\"40\" maxlength=\"400\" class=\"wpcf7-form-control wpcf7-text wpcf7-validates-as-required\" aria-required=\"true\" aria-invalid=\"false\" value=\"\" type=\"text\" name=\"text-801\" \/><\/span>\n<\/p>\n<p>Edad\n<\/p>\n<p><span class=\"wpcf7-form-control-wrap\" data-name=\"text-260\"><input size=\"40\" maxlength=\"400\" class=\"wpcf7-form-control wpcf7-text wpcf7-validates-as-required\" aria-required=\"true\" aria-invalid=\"false\" value=\"\" type=\"text\" name=\"text-260\" \/><\/span>\n<\/p>\n<p>\u00bf El alumno tiene alguna educaci\u00f3n en danza?\n<\/p>\n<p><span class=\"wpcf7-form-control-wrap\" data-name=\"menu-689\"><select class=\"wpcf7-form-control wpcf7-select wpcf7-validates-as-required\" aria-required=\"true\" aria-invalid=\"false\" name=\"menu-689\"><option value=\"\">&#8212;Por favor, elige una opci\u00f3n&#8212;<\/option><option value=\"Si\">Si<\/option><option value=\"No\">No<\/option><\/select><\/span>\n<\/p>\n<p>En caso afirmativo \u00bfEn qu\u00e9 estilo?\n<\/p>\n<p><span class=\"wpcf7-form-control-wrap\" data-name=\"checkbox-154\"><span class=\"wpcf7-form-control wpcf7-checkbox\"><span class=\"wpcf7-list-item first\"><input type=\"checkbox\" name=\"checkbox-154[]\" value=\"Iniciaci\u00f3n a la Danza (Ni\u00f1os)\" \/><span class=\"wpcf7-list-item-label\">Iniciaci\u00f3n a la Danza (Ni\u00f1os)<\/span><\/span><span class=\"wpcf7-list-item\"><input type=\"checkbox\" name=\"checkbox-154[]\" value=\"Cl\u00e1sico\" \/><span class=\"wpcf7-list-item-label\">Cl\u00e1sico<\/span><\/span><span class=\"wpcf7-list-item\"><input type=\"checkbox\" name=\"checkbox-154[]\" value=\"Contempor\u00e1neo\" \/><span class=\"wpcf7-list-item-label\">Contempor\u00e1neo<\/span><\/span><span class=\"wpcf7-list-item\"><input type=\"checkbox\" name=\"checkbox-154[]\" value=\"Urbanas\" \/><span class=\"wpcf7-list-item-label\">Urbanas<\/span><\/span><span class=\"wpcf7-list-item last\"><input type=\"checkbox\" name=\"checkbox-154[]\" value=\"Otras\" \/><span class=\"wpcf7-list-item-label\">Otras<\/span><\/span><\/span><\/span>\n<\/p>\n<p>\u00bfQu\u00e9 tipo de formaci\u00f3n?\n<\/p>\n<p><span class=\"wpcf7-form-control-wrap\" data-name=\"checkbox-155\"><span class=\"wpcf7-form-control wpcf7-checkbox\"><span class=\"wpcf7-list-item first\"><input type=\"checkbox\" name=\"checkbox-155[]\" value=\"Escuela privada\" \/><span class=\"wpcf7-list-item-label\">Escuela privada<\/span><\/span><span class=\"wpcf7-list-item\"><input type=\"checkbox\" name=\"checkbox-155[]\" value=\"Actividad extraescolar\" \/><span class=\"wpcf7-list-item-label\">Actividad extraescolar<\/span><\/span><span class=\"wpcf7-list-item last\"><input type=\"checkbox\" name=\"checkbox-155[]\" value=\"Otras\" \/><span class=\"wpcf7-list-item-label\">Otras<\/span><\/span><\/span><\/span>\n<\/p>\n<p>\u00bfCu\u00e1nto tiempo de formaci\u00f3n?\n<\/p>\n<p><span class=\"wpcf7-form-control-wrap\" data-name=\"checkbox-156\"><span class=\"wpcf7-form-control wpcf7-checkbox\"><span class=\"wpcf7-list-item first\"><input type=\"checkbox\" name=\"checkbox-156[]\" value=\"menos de un a\u00f1o\" \/><span class=\"wpcf7-list-item-label\">menos de un a\u00f1o<\/span><\/span><span class=\"wpcf7-list-item\"><input type=\"checkbox\" name=\"checkbox-156[]\" value=\"de dos a tres a\u00f1os\" \/><span class=\"wpcf7-list-item-label\">de dos a tres a\u00f1os<\/span><\/span><span class=\"wpcf7-list-item last\"><input type=\"checkbox\" name=\"checkbox-156[]\" value=\"m\u00e1s de tres a\u00f1os\" \/><span class=\"wpcf7-list-item-label\">m\u00e1s de tres a\u00f1os<\/span><\/span><\/span><\/span>\n<\/p>\n<p><strong>No soy un Robot (Copiar el c\u00f3digo en la casilla de abajo)<\/strong>\n<\/p>\n<p><input type=\"hidden\" name=\"_wpcf7_captcha_challenge_captcha-925\" value=\"3417196288\" \/><img loading=\"lazy\" decoding=\"async\" class=\"wpcf7-form-control wpcf7-captchac wpcf7-captcha-captcha-925\" width=\"84\" height=\"28\" alt=\"captcha\" src=\"https:\/\/www.quetalestas.es\/veranoydanza\/wp-content\/uploads\/wpcf7_captcha\/3417196288.png\" \/>\n<\/p>\n<p><span class=\"wpcf7-form-control-wrap\" data-name=\"captcha-925\"><input size=\"40\" class=\"wpcf7-form-control wpcf7-captchar\" autocomplete=\"off\" aria-invalid=\"false\" value=\"\" type=\"text\" name=\"captcha-925\" \/><\/span>\n<\/p>\n<p><input class=\"wpcf7-form-control wpcf7-submit has-spinner\" type=\"submit\" value=\"Enviar\" \/>\n<\/p><p style=\"display: none !important;\" class=\"akismet-fields-container\" data-prefix=\"_wpcf7_ak_\"><label>&#916;<textarea name=\"_wpcf7_ak_hp_textarea\" cols=\"45\" rows=\"8\" maxlength=\"100\"><\/textarea><\/label><input type=\"hidden\" id=\"ak_js_1\" name=\"_wpcf7_ak_js\" value=\"17\"\/><script>document.getElementById( \"ak_js_1\" ).setAttribute( \"value\", ( new Date() ).getTime() );<\/script><\/p><div class=\"wpcf7-response-output\" aria-hidden=\"true\"><\/div>\n<\/form>\n<\/div>\n\n<hr>\n<p><strong>La confirmaci\u00f3n por e-mail, de reserva de plaza no es autom\u00e1tica, es administrativa, por lo que puede tardar un poco.<\/strong><\/p>\n<p>Recuerde mandar el comprobante de pago de la matr\u00edcula a: <strong>veranoydanza@quetalestas.es<\/strong><\/p>\n<hr>\n<p style=\"text-align: justify;\"><span style=\"color: #000000; font-family: Calibri;\">Qu\u00e9 Tal est\u00e1s S.L. cumple con todas las medidas de seguridad para la protecci\u00f3n de datos personales exigidas por el Real Decreto 1720\/2007, de 21 de diciembre, por el que se aprueba el Reglamento de desarrollo de la Ley Org\u00e1nica 15\/1999, de 13 de diciembre, de protecci\u00f3n de datos de car\u00e1cter personal. <\/span><\/p>\n<p style=\"text-align: justify;\"><span style=\"color: #000000; font-family: Calibri;\">Salvo imperativo legal, los datos personales de los inscritos no ser\u00e1n cedidos a terceras personas sin su consentimiento expreso.<\/span><\/p>\n<p>&nbsp;<\/p>\n","protected":false},"excerpt":{"rendered":"<p>El periodo de inscripci\u00f3n se abre el d\u00eda 13 de abril y finaliza el 15 de junio de 2026 o hasta la finalizaci\u00f3n de las plazas disponibles. Antes de cumplimentar el formulario de inscripci\u00f3n consultar la secci\u00f3n INFORMACI\u00d3N E INSCRIPCI\u00d3N, de esta p\u00e1gina web. DATOS A CUMPLIMENTAR La confirmaci\u00f3n por e-mail, de reserva de plaza [&hellip;]<\/p>\n","protected":false},"author":1,"featured_media":0,"parent":0,"menu_order":0,"comment_status":"open","ping_status":"open","template":"","meta":{"_genesis_hide_title":false,"_genesis_hide_breadcrumbs":false,"_genesis_hide_singular_image":false,"_genesis_hide_footer_widgets":false,"_genesis_custom_body_class":"","_genesis_custom_post_class":"","_genesis_layout":"","ngg_post_thumbnail":0,"footnotes":""},"class_list":{"0":"post-26","1":"page","2":"type-page","3":"status-publish","5":"entry"},"_links":{"self":[{"href":"https:\/\/www.quetalestas.es\/veranoydanza\/wp-json\/wp\/v2\/pages\/26","targetHints":{"allow":["GET"]}}],"collection":[{"href":"https:\/\/www.quetalestas.es\/veranoydanza\/wp-json\/wp\/v2\/pages"}],"about":[{"href":"https:\/\/www.quetalestas.es\/veranoydanza\/wp-json\/wp\/v2\/types\/page"}],"author":[{"embeddable":true,"href":"https:\/\/www.quetalestas.es\/veranoydanza\/wp-json\/wp\/v2\/users\/1"}],"replies":[{"embeddable":true,"href":"https:\/\/www.quetalestas.es\/veranoydanza\/wp-json\/wp\/v2\/comments?post=26"}],"version-history":[{"count":34,"href":"https:\/\/www.quetalestas.es\/veranoydanza\/wp-json\/wp\/v2\/pages\/26\/revisions"}],"predecessor-version":[{"id":3667,"href":"https:\/\/www.quetalestas.es\/veranoydanza\/wp-json\/wp\/v2\/pages\/26\/revisions\/3667"}],"wp:attachment":[{"href":"https:\/\/www.quetalestas.es\/veranoydanza\/wp-json\/wp\/v2\/media?parent=26"}],"curies":[{"name":"wp","href":"https:\/\/api.w.org\/{rel}","templated":true}]}}